{"id":1002,"date":"2018-04-16T20:43:40","date_gmt":"2018-04-16T18:43:40","guid":{"rendered":"http:\/\/www.vartiosaari.fi\/uudet_sivut\/?page_id=1002"},"modified":"2020-10-14T19:14:13","modified_gmt":"2020-10-14T17:14:13","slug":"kasvimaan-aakkosia","status":"publish","type":"page","link":"https:\/\/www.vartiosaari.fi\/uudet_sivut\/tarinoita-vartiosaaresta\/kasvimaan-aakkosia\/","title":{"rendered":"Kasvimaan aakkosia"},"content":{"rendered":"<p lang=\"fi-FI\" align=\"LEFT\"><span style=\"font-family: Times New Roman,serif;\"><span style=\"font-size: medium;\"><i><b>Kasvimaan aakkosia<\/b><\/i><\/span><\/span><\/p>\n<p lang=\"fi-FI\" align=\"LEFT\"><span style=\"font-family: Times New Roman,serif;\"><span style=\"font-size: medium;\"><i><b>A <\/b><\/i><\/span><\/span><\/p>\n<p lang=\"fi-FI\" align=\"LEFT\"><span style=\"font-family: Times New Roman,serif;\"><span style=\"font-size: medium;\">Aallot ovat vapautuneet j\u00e4iden kahleista. Saadaan vene vesille ja p\u00e4\u00e4st\u00e4\u00e4n Vartiosaareen viljelypalstalle. <\/span><\/span><\/p>\n<p lang=\"fi-FI\" align=\"LEFT\"><span style=\"font-family: Times New Roman,serif;\"><span style=\"font-size: medium;\">Aloitetaan kev\u00e4tty\u00f6t. Muokataan multa. Kylvet\u00e4\u00e4n siemenet, istutetaan perunat<\/span><\/span><\/p>\n<p lang=\"fi-FI\" align=\"LEFT\"><span style=\"font-family: Times New Roman,serif;\"><span style=\"font-size: medium;\"><i><b>E<\/b><\/i><\/span><\/span><\/p>\n<p lang=\"fi-FI\" align=\"LEFT\"><span style=\"font-family: Times New Roman,serif;\"><span style=\"font-size: medium;\">Etanoita oli t\u00e4n\u00e4 vuonna paljon. Oli pieni\u00e4 mustia, suurempia ruskeita ja isoa kotitaloa kantavia valkoisia. Pienet etanat heitettiin mets\u00e4\u00e4n, isot murhattiin kuumalla teevedell\u00e4 tai sulkemalla ne muovipussiin (anteeksi!). <\/span><\/span><\/p>\n<p lang=\"fi-FI\" align=\"LEFT\"><span style=\"font-family: Times New Roman,serif;\"><span style=\"font-size: medium;\"><i><b>H <\/b><\/i><\/span><\/span><\/p>\n<p lang=\"fi-FI\" align=\"LEFT\"><span style=\"font-family: Times New Roman,serif;\"><span style=\"font-size: medium;\">Herneet itiv\u00e4t hienosti ja varret tuettiin kepeill\u00e4. Herk\u00e4t valkoiset kukat alkoivat kehitty\u00e4 paloiksi. Sitten tuli j\u00e4nisjussi ja sille maistuivat sek\u00e4 varret ett\u00e4 palot. Papanat kertoivat kuka oli k\u00e4ynyt vierailulla. <\/span><\/span><\/p>\n<p lang=\"fi-FI\" align=\"LEFT\"><span style=\"font-family: Times New Roman,serif;\"><span style=\"font-size: medium;\"><i><b>I<\/b><\/i><\/span><\/span><\/p>\n<p lang=\"fi-FI\" align=\"LEFT\"><span style=\"font-family: Times New Roman,serif;\"><span style=\"font-size: medium;\">Inventoidaan siemenet. Jotakin j\u00e4i viime kes\u00e4lt\u00e4, jotakin tuli ker\u00e4tty\u00e4. Esimerkiksi korianterin siemeni\u00e4. Ja keh\u00e4kukan ja auringonkukan ja unikon.<\/span><\/span><\/p>\n<p lang=\"fi-FI\" align=\"LEFT\"><span style=\"font-family: Times New Roman,serif;\"><span style=\"font-size: medium;\">Iisoppi kukki ja houkutteli perhoset: Neitoperhot, herukkaperhot\u2026.<\/span><\/span><\/p>\n<p lang=\"fi-FI\" align=\"LEFT\"><span style=\"font-family: Times New Roman,serif;\"><span style=\"font-size: medium;\">J<\/span><\/span><\/p>\n<p lang=\"fi-FI\" align=\"LEFT\"><span style=\"font-family: Times New Roman,serif;\"><span style=\"font-size: medium;\">J\u00e4nisjussi, suuri is\u00e4j\u00e4nis istui porkkanapenkin p\u00e4\u00e4ss\u00e4 er\u00e4\u00e4n kerran saapuessani palstalle. Se s\u00f6i tyytyv\u00e4isen\u00e4 porkkanoita ja heitti varret siististi penkin viereen. <\/span><\/span><\/p>\n<p lang=\"fi-FI\" align=\"LEFT\"><span style=\"font-family: Times New Roman,serif;\"><span style=\"font-size: medium;\"><i><b>K<\/b><\/i><\/span><\/span><\/p>\n<p lang=\"fi-FI\" align=\"LEFT\"><span style=\"font-family: Times New Roman,serif;\"><span style=\"font-size: medium;\">Kev\u00e4\u00e4ll\u00e4 palstalle tulijaa ilahduttivat skillat, tulppaanit ja narsissit. N\u00e4iden j\u00e4lkeen kukkivat unikot loistavan punaisina ja oranssin keltaisina<\/span><\/span><\/p>\n<p lang=\"fi-FI\" align=\"LEFT\"><span style=\"font-family: Times New Roman,serif;\"><span style=\"font-size: medium;\">Kukkia voi ihailla koko kes\u00e4n. Kev\u00e4\u00e4n kukkien j\u00e4lkeen aukeavat keisarin kruunut, harjaneilikat, keh\u00e4kukat, lavendeli, kosmoskukat ja kultapallot, viisasten kukka ja salkoruusu. <\/span><\/span><\/p>\n<p lang=\"fi-FI\" align=\"LEFT\"><span style=\"font-family: Times New Roman,serif;\"><span style=\"font-size: medium;\">Kes\u00e4kurpitsaa tuli joinakin vuosina niin paljon, ett\u00e4 piti jakaa vastaantulijoille kun ei itse pystynyt kaikkea k\u00e4ytt\u00e4m\u00e4\u00e4n. T\u00e4n\u00e4 kes\u00e4n\u00e4 toinen istutettu taimi kuoli rankkasateeseen ja toisen sato oli surkea: 4-5 pient\u00e4 kurpitsaa koko kautena. <\/span><\/span><\/p>\n<p lang=\"fi-FI\" align=\"LEFT\"><span style=\"font-family: Times New Roman,serif;\"><span style=\"font-size: medium;\">Kurkuissa oli myyr\u00e4n hampaanj\u00e4lki\u00e4. Ei huvittanut vied\u00e4 ruokap\u00f6yt\u00e4\u00e4n.<\/span><\/span><\/p>\n<p lang=\"fi-FI\" align=\"LEFT\"><span style=\"font-family: Times New Roman,serif;\"><span style=\"font-size: medium;\">Komposti. Kompostin hoitoon tarvitsisin lis\u00e4\u00e4 tietoa ja aikaa.<\/span><\/span><\/p>\n<p lang=\"fi-FI\" align=\"LEFT\"><span style=\"font-family: Times New Roman,serif;\"><span style=\"font-size: medium;\"><i><b>L<\/b><\/i><\/span><\/span><\/p>\n<p align=\"LEFT\"><span style=\"font-family: Times New Roman,serif;\"><span style=\"font-size: medium;\"><span lang=\"fi-FI\">Laajasalosta Revonsalmentien p\u00e4\u00e4st\u00e4 soudetaan salmen yli Vartiosaareen.\u00a0<\/span><\/span><\/span><\/p>\n<p align=\"LEFT\"><span style=\"font-family: Times New Roman,serif;\"><span style=\"font-size: medium;\"><span lang=\"fi-FI\">Lampaat tuodaan alkukes\u00e4ll\u00e4 Haltialan tilalta kes\u00e4laitumelle Vartiosaareen. Tien vieress\u00e4 laitumen laidassa on penkki, jolla saa istua ja katsella kun lapset ruokkivat lampaita. Ruokkimista varten on tuotu hein\u00e4\u00e4 laatikkoon, koska lampaille ei saa antaa mit\u00e4\u00e4n muuta sy\u00f6t\u00e4v\u00e4\u00e4. (<\/span><\/span><\/span><span style=\"font-family: Times New Roman,serif;\"><span style=\"font-size: medium;\"><span lang=\"fi-FI\"><i>Kuva 3<\/i><\/span><\/span><\/span><span style=\"font-family: Times New Roman,serif;\"><span style=\"font-size: medium;\"><span lang=\"fi-FI\"> 004 Nea, Esa ja lampaat)<\/span><\/span><\/span><\/p>\n<p lang=\"fi-FI\" align=\"LEFT\"><span style=\"font-family: Times New Roman,serif;\"><span style=\"font-size: medium;\">Lipstikka kasvaa parin metrin korkuiseksi pensaaksi. En osaa k\u00e4ytt\u00e4\u00e4 sit\u00e4 hy\u00f6dykseni. Siisp\u00e4, jos haluatte vaikka pakastaa lipstikkaa, sit\u00e4 voitte hakea palstaltani Vartiosaaresta mielin m\u00e4\u00e4rin.<\/span><\/span><\/p>\n<p lang=\"fi-FI\" align=\"LEFT\"><span style=\"font-family: Times New Roman,serif;\"><span style=\"font-size: medium;\"><i><b>M<\/b><\/i><\/span><\/span><\/p>\n<p lang=\"fi-FI\" align=\"LEFT\"><span style=\"font-family: Times New Roman,serif;\"><span style=\"font-size: medium;\">Meniv\u00e4tk\u00f6 mansikatkin myyrien suuhun? Kev\u00e4\u00e4ll\u00e4 mansikat kukkivat valkoisenaan, mutta kun marjat alkoivat kypsy\u00e4, linnut, etanat ja myyr\u00e4t k\u00e4viv\u00e4t aterialle.<\/span><\/span><\/p>\n<p lang=\"fi-FI\" align=\"LEFT\"><span style=\"font-family: Times New Roman,serif;\"><span style=\"font-size: medium;\">Minttu oli vallannut viinimarjapensaiden v\u00e4lit. Sen valkoisia juuria on vaikea saada kokonaan kitketty\u00e4. Minttua on siis tarjolla ihan kiusaksi saakka.<\/span><\/span><\/p>\n<p lang=\"fi-FI\" align=\"LEFT\"><span style=\"font-family: Times New Roman,serif;\"><span style=\"font-size: medium;\"><i><b>O<\/b><\/i><\/span><\/span><\/p>\n<p align=\"LEFT\"><span style=\"font-family: Times New Roman,serif;\"><span style=\"font-size: medium;\"><span lang=\"fi-FI\">Ojanvarren lep\u00e4t varjostivat palstoja ja kaupunki antoi viljelij\u00f6ille luvan niiden kaatamiseen. Esa ja Petri kaatoivat puut. My\u00f6s Nea auttoi is\u00e4\u00e4ns\u00e4 hakkuualueen raivaamisessa.\u00a0<\/span><\/span><\/span><\/p>\n<p lang=\"fi-FI\" align=\"LEFT\"><span style=\"font-family: Times New Roman,serif;\"><span style=\"font-size: medium;\"><i><b>P <\/b><\/i><\/span><\/span><\/p>\n<p lang=\"fi-FI\" align=\"LEFT\"><span style=\"font-family: Times New Roman,serif;\"><span style=\"font-size: medium;\">Perunan varret kasvoivat komeiksi ja lupasivat hyv\u00e4\u00e4 satoa. Toisin k\u00e4vi. Perunarutto iski palstoille ja varret piti leikata kesken mukulan kasvun. Perunat j\u00e4iv\u00e4t pieniksi ja niit\u00e4 ei ollut l\u00e4hesk\u00e4\u00e4n niin paljon kuin viime vuonna.<\/span><\/span><\/p>\n<p lang=\"fi-FI\" align=\"LEFT\"><span style=\"font-family: Times New Roman,serif;\"><span style=\"font-size: medium;\">Porkkanoita suojattiin kempilt\u00e4 harsolla koko kes\u00e4n ja kasteltiin ahkerasti. Sato j\u00e4i tavallista pienemm\u00e4ksi.<\/span><\/span><\/p>\n<p lang=\"fi-FI\" align=\"LEFT\"><span style=\"font-family: Times New Roman,serif;\"><span style=\"font-size: medium;\">Punajuuretkin j\u00e4iv\u00e4t pieniksi. Edellisen\u00e4 vuonna s\u00e4il\u00f6\u00f6n tuli hieno sato josta riitti muillekin jakaa.<\/span><\/span><\/p>\n<p lang=\"fi-FI\" align=\"LEFT\"><span style=\"font-family: Times New Roman,serif;\"><span style=\"font-size: medium;\">Punainen viinimarjapensas palstalla tuotti taaskin pari \u00e4mp\u00e4rillist\u00e4 marjoja. My\u00f6s karviaismarjapensaat antoivat hyv\u00e4n marjasadon. <\/span><\/span><\/p>\n<p lang=\"fi-FI\" align=\"LEFT\"><span style=\"font-family: Times New Roman,serif;\"><span style=\"font-size: medium;\"><b>R <\/b><\/span><\/span><\/p>\n<p lang=\"fi-FI\" align=\"LEFT\"><span style=\"font-family: Times New Roman,serif;\"><span style=\"font-size: medium;\">Rikkaruohot kasvavat ja levi\u00e4v\u00e4t oli kes\u00e4 sitten kuiva tai sateinen. Niiden kitkeminen on jatkuvaa ty\u00f6t\u00e4. <\/span><\/span><\/p>\n<p lang=\"fi-FI\" align=\"LEFT\"><span style=\"font-family: Times New Roman,serif;\"><span style=\"font-size: medium;\">Raparperi kasvaa joka kes\u00e4 ja tuottaa mehevi\u00e4 lehtivarsia mehuksi ja hilloksi, piirakkoihin ja keittoon. Yhten\u00e4 kes\u00e4n\u00e4 v\u00e4st\u00e4r\u00e4kki oli tehnyt pes\u00e4ns\u00e4 rapaperin lehden alle, \u201d\u00e4idin kasvimaalla rapaperin alla, v\u00e4st\u00e4r\u00e4kill\u00e4 pes\u00e4 oli kultainen\u2026.\u201d Silloin piti varoa varsia katkoessa ja hyvinh\u00e4n siin\u00e4 k\u00e4vi. Linnunpoikaset kasvoivat ja lensiv\u00e4t pes\u00e4st\u00e4.<\/span><\/span><\/p>\n<p lang=\"fi-FI\" align=\"LEFT\"><span style=\"font-family: Times New Roman,serif;\"><span style=\"font-size: medium;\"><i><b>S<\/b><\/i><\/span><\/span><\/p>\n<p lang=\"fi-FI\" align=\"LEFT\"><span style=\"font-family: Times New Roman,serif;\"><span style=\"font-size: medium;\">Suunnittelu alkaa kev\u00e4ttalvella. Vaihdetaan viljelykasvien paikkaa, vuoroviljell\u00e4\u00e4n.<\/span><\/span><\/p>\n<p lang=\"fi-FI\" align=\"LEFT\"><span style=\"font-family: Times New Roman,serif;\"><span style=\"font-size: medium;\">Salaatti kasvoi hyvin mutta varsinainen yhdyskunta etanoita muutti salaattipenkkiin mehev\u00e4n ruuan \u00e4\u00e4reen.<\/span><\/span><\/p>\n<p lang=\"fi-FI\" align=\"LEFT\"><span style=\"font-family: Times New Roman,serif;\"><span style=\"font-size: medium;\">Sipulit kasvoivat my\u00f6s hyvin ja ne antoivat t\u00e4n\u00e4 kes\u00e4n\u00e4 suurimman ilon ja hy\u00f6dyn. Ne riitt\u00e4v\u00e4t koko talveksi. Keltasipulit, punasipulit, jakosipulit ja viel\u00e4 valkosipulit.<\/span><\/span><\/p>\n<p lang=\"fi-FI\" align=\"LEFT\"><span style=\"font-family: Times New Roman,serif;\"><span style=\"font-size: medium;\">Syksyll\u00e4 kellarin hyllyille kertyiv\u00e4t hienot rivist\u00f6t mehupulloja ja hillopurkkeja.<\/span><\/span><\/p>\n<p lang=\"fi-FI\" align=\"LEFT\"><span style=\"font-family: Times New Roman,serif;\"><span style=\"font-size: medium;\">Syysty\u00f6t: Maa k\u00e4\u00e4nnettiin ja kalkittiin. Ty\u00f6v\u00e4lineet koottiin s\u00e4ilytyslaatikkoon. P\u00f6yt\u00e4 ja penkit paketoitiin pressun alle talvisuojaan.<\/span><\/span><\/p>\n<p lang=\"fi-FI\" align=\"LEFT\"><span style=\"font-family: Times New Roman,serif;\"><span style=\"font-size: medium;\"><i><b>T<\/b><\/i><\/span><\/span><\/p>\n<p align=\"LEFT\"><span style=\"font-family: Times New Roman,serif;\"><span style=\"font-size: medium;\"><span lang=\"fi-FI\">Tauko on t\u00e4rke\u00e4 osa kasvimaalla k\u00e4ynti\u00e4. Esa on laittanut \u201dterassin\u201d ev\u00e4iden sy\u00f6nti\u00e4 varten. On puulaatat, joilla p\u00f6yt\u00e4 ja penkit. Otetaan esiin termospullot ja voileiv\u00e4t, mehut ja hedelm\u00e4t. Nautitaan olosta mets\u00e4n reunassa ja kuunnellaan lintujen konserttia. Hei! Me ollaan Helsingiss\u00e4, ihanassa Vartiosaaressa.\u00a0<\/span><\/span><\/span><\/p>\n<p lang=\"fi-FI\" align=\"LEFT\"><span style=\"font-family: Times New Roman,serif;\"><span style=\"font-size: medium;\">Tilli kasvoi hyvin ja on pakastimessa vauvanruokapurkeissa odottamassa k\u00e4ytt\u00f6\u00e4: Lohipiirakkaan, <\/span><\/span><\/p>\n<p lang=\"fi-FI\" align=\"LEFT\"><span style=\"font-family: Times New Roman,serif;\"><span style=\"font-size: medium;\">ja \u2013laatikkoon, kalakeittoon jne.<\/span><\/span><\/p>\n<p lang=\"fi-FI\" align=\"LEFT\"><span style=\"font-family: Times New Roman,serif;\"><span style=\"font-size: medium;\"><b>U<\/b><\/span><\/span><\/p>\n<p lang=\"fi-FI\" align=\"LEFT\"><span style=\"font-family: Times New Roman,serif;\"><span style=\"font-size: medium;\">Uudisraivaus. Viisi isoa mustaviinimarjapensasta pit\u00e4isi kaivaa maasta ja polttaa. Se taitaa olla ainoa keino p\u00e4\u00e4st\u00e4 eroon. \u00c4k\u00e4m\u00e4punkki levi\u00e4\u00e4 tuulen ja sateen mukana ja sit\u00e4 taitaa olla kaikilla alueen palstoilla. <\/span><\/span><\/p>\n<p lang=\"fi-FI\" align=\"LEFT\"><span style=\"font-family: Times New Roman,serif;\"><span style=\"font-size: medium;\"><i><b>V<\/b><\/i><\/span><\/span><\/p>\n<p lang=\"fi-FI\" align=\"LEFT\"><span style=\"font-family: Times New Roman,serif;\"><span style=\"font-size: medium;\">Vartiosaaressa palstaa hoitaa noin nelj\u00e4kymment\u00e4 viljelij\u00e4\u00e4. Tytt\u00e4ret, v\u00e4vy ja tytt\u00e4ren tyt\u00e4r auttavat minua palstan hoidossa. <\/span><\/span><\/p>\n<p lang=\"fi-FI\" align=\"LEFT\"><span style=\"font-family: Times New Roman,serif;\"><span style=\"font-size: medium;\">Vauvakin nautti saarella olosta. Kukista, lintujen \u00e4\u00e4nist\u00e4 &#8211; ja uni maistuu raikkaassa mets\u00e4ilmassa. Yhteiset retket saareen antavat iloa ja virkistyst\u00e4 sek\u00e4 lapsille ett\u00e4 aikuisille.<\/span><\/span><\/p>\n<p lang=\"fi-FI\" align=\"LEFT\"><span style=\"font-family: Times New Roman,serif;\"><span style=\"font-size: medium;\"><i><b>\u00c4 <\/b><\/i><\/span><\/span><\/p>\n<p lang=\"fi-FI\" align=\"LEFT\"><span style=\"font-family: Times New Roman,serif;\"><span style=\"font-size: medium;\">\u00c4k\u00e4m\u00e4punkki on ollut viinimarjapensaiden (musta viinimarja) riesana parina viime vuonna. Edellisen\u00e4 kev\u00e4\u00e4n\u00e4 leikattiin pensaat alas maata my\u00f6ten. Ne kasvoivat nopeasti uudestaan ja t\u00e4n\u00e4 kev\u00e4\u00e4n\u00e4 sai poimia punkkisilmuja pensaista useana p\u00e4iv\u00e4n\u00e4. Musta marjasato j\u00e4i pieneksi. <\/span><\/span><\/p>\n<p lang=\"fi-FI\" align=\"LEFT\"><span style=\"font-family: Times New Roman,serif;\"><span style=\"font-size: medium;\">Kev\u00e4tt\u00e4 odottaen Virpi<\/span><\/span><\/p>\n<p lang=\"fi-FI\" align=\"LEFT\"><span style=\"font-family: Times New Roman,serif;\"><span style=\"font-size: medium;\">kev\u00e4t 2010<\/span><\/span><\/p>\n<p lang=\"fi-FI\" align=\"LEFT\">Virpi Elomaa voitti Vartiosaari-aiheisen kirjoituskilpailun Kasvimaan aakkosilla kes\u00e4ll\u00e4 2017<\/p>\n","protected":false},"excerpt":{"rendered":"<p>Kasvimaan aakkosia A Aallot ovat vapautuneet j\u00e4iden kahleista. Saadaan vene vesille ja p\u00e4\u00e4st\u00e4\u00e4n Vartiosaareen viljelypalstalle. Aloitetaan kev\u00e4tty\u00f6t. Muokataan multa. Kylvet\u00e4\u00e4n siemenet, istutetaan perunat E Etanoita oli t\u00e4n\u00e4 vuonna paljon. Oli pieni\u00e4 mustia, suurempia ruskeita ja isoa kotitaloa kantavia valkoisia. Pienet etanat heitettiin mets\u00e4\u00e4n, isot murhattiin kuumalla teevedell\u00e4 tai sulkemalla ne muovipussiin (anteeksi!). H Herneet itiv\u00e4t&#8230; <\/p>\n<div class=\"link-more\"><a href=\"https:\/\/www.vartiosaari.fi\/uudet_sivut\/tarinoita-vartiosaaresta\/kasvimaan-aakkosia\/\">Read More<\/a><\/div>\n","protected":false},"author":5,"featured_media":1843,"parent":39,"menu_order":1,"comment_status":"closed","ping_status":"closed","template":"","meta":{"footnotes":""},"class_list":["post-1002","page","type-page","status-publish","has-post-thumbnail","hentry"],"jetpack_sharing_enabled":true,"_links":{"self":[{"href":"https:\/\/www.vartiosaari.fi\/uudet_sivut\/wp-json\/wp\/v2\/pages\/1002","targetHints":{"allow":["GET"]}}],"collection":[{"href":"https:\/\/www.vartiosaari.fi\/uudet_sivut\/wp-json\/wp\/v2\/pages"}],"about":[{"href":"https:\/\/www.vartiosaari.fi\/uudet_sivut\/wp-json\/wp\/v2\/types\/page"}],"author":[{"embeddable":true,"href":"https:\/\/www.vartiosaari.fi\/uudet_sivut\/wp-json\/wp\/v2\/users\/5"}],"replies":[{"embeddable":true,"href":"https:\/\/www.vartiosaari.fi\/uudet_sivut\/wp-json\/wp\/v2\/comments?post=1002"}],"version-history":[{"count":3,"href":"https:\/\/www.vartiosaari.fi\/uudet_sivut\/wp-json\/wp\/v2\/pages\/1002\/revisions"}],"predecessor-version":[{"id":1006,"href":"https:\/\/www.vartiosaari.fi\/uudet_sivut\/wp-json\/wp\/v2\/pages\/1002\/revisions\/1006"}],"up":[{"embeddable":true,"href":"https:\/\/www.vartiosaari.fi\/uudet_sivut\/wp-json\/wp\/v2\/pages\/39"}],"wp:featuredmedia":[{"embeddable":true,"href":"https:\/\/www.vartiosaari.fi\/uudet_sivut\/wp-json\/wp\/v2\/media\/1843"}],"wp:attachment":[{"href":"https:\/\/www.vartiosaari.fi\/uudet_sivut\/wp-json\/wp\/v2\/media?parent=1002"}],"curies":[{"name":"wp","href":"https:\/\/api.w.org\/{rel}","templated":true}]}}