{"id":1033,"date":"2018-04-26T09:15:15","date_gmt":"2018-04-26T07:15:15","guid":{"rendered":"http:\/\/www.vartiosaari.fi\/uudet_sivut\/?page_id=1033"},"modified":"2023-07-06T19:09:41","modified_gmt":"2023-07-06T17:09:41","slug":"tori","status":"publish","type":"page","link":"https:\/\/www.vartiosaari.fi\/uudet_sivut\/tori\/","title":{"rendered":"Yhteystiedot"},"content":{"rendered":"<p>Vartiosaari-Seura Ry:n s\u00e4hk\u00f6postiosoite on info@vartiosaari.fi, johon voi l\u00e4hett\u00e4\u00e4 esim. pyynn\u00f6n liitty\u00e4 j\u00e4seneksi.<\/p>\n<p>Vartiosaaren viljelypalstoihin liittyvi\u00e4 asioita varten on s\u00e4hk\u00f6postiosoite palstavastaavavartiosaari@gmail.com<\/p>\n<p>Tietoturvasyist\u00e4 seura ei julkaise henkil\u00f6iden yhteystietoja netiss\u00e4.<\/p>\n<p style=\"text-align: center;\">\n","protected":false},"excerpt":{"rendered":"<p>Vartiosaari-Seura Ry:n s\u00e4hk\u00f6postiosoite on info@vartiosaari.fi, johon voi l\u00e4hett\u00e4\u00e4 esim. pyynn\u00f6n liitty\u00e4 j\u00e4seneksi. Vartiosaaren viljelypalstoihin liittyvi\u00e4 asioita varten on s\u00e4hk\u00f6postiosoite palstavastaavavartiosaari@gmail.com Tietoturvasyist\u00e4 seura ei julkaise henkil\u00f6iden yhteystietoja netiss\u00e4.<\/p>\n","protected":false},"author":5,"featured_media":1873,"parent":0,"menu_order":0,"comment_status":"closed","ping_status":"closed","template":"","meta":{"footnotes":""},"class_list":["post-1033","page","type-page","status-publish","has-post-thumbnail","hentry"],"jetpack_sharing_enabled":true,"_links":{"self":[{"href":"https:\/\/www.vartiosaari.fi\/uudet_sivut\/wp-json\/wp\/v2\/pages\/1033","targetHints":{"allow":["GET"]}}],"collection":[{"href":"https:\/\/www.vartiosaari.fi\/uudet_sivut\/wp-json\/wp\/v2\/pages"}],"about":[{"href":"https:\/\/www.vartiosaari.fi\/uudet_sivut\/wp-json\/wp\/v2\/types\/page"}],"author":[{"embeddable":true,"href":"https:\/\/www.vartiosaari.fi\/uudet_sivut\/wp-json\/wp\/v2\/users\/5"}],"replies":[{"embeddable":true,"href":"https:\/\/www.vartiosaari.fi\/uudet_sivut\/wp-json\/wp\/v2\/comments?post=1033"}],"version-history":[{"count":11,"href":"https:\/\/www.vartiosaari.fi\/uudet_sivut\/wp-json\/wp\/v2\/pages\/1033\/revisions"}],"predecessor-version":[{"id":2717,"href":"https:\/\/www.vartiosaari.fi\/uudet_sivut\/wp-json\/wp\/v2\/pages\/1033\/revisions\/2717"}],"wp:featuredmedia":[{"embeddable":true,"href":"https:\/\/www.vartiosaari.fi\/uudet_sivut\/wp-json\/wp\/v2\/media\/1873"}],"wp:attachment":[{"href":"https:\/\/www.vartiosaari.fi\/uudet_sivut\/wp-json\/wp\/v2\/media?parent=1033"}],"curies":[{"name":"wp","href":"https:\/\/api.w.org\/{rel}","templated":true}]}}