{"id":1219,"date":"2018-11-09T10:29:04","date_gmt":"2018-11-09T08:29:04","guid":{"rendered":"http:\/\/www.vartiosaari.fi\/uudet_sivut\/?page_id=1219"},"modified":"2024-06-09T10:02:57","modified_gmt":"2024-06-09T08:02:57","slug":"vartiosaari-seuran-kannanottoja","status":"publish","type":"page","link":"https:\/\/www.vartiosaari.fi\/uudet_sivut\/jaseneksi-vartiosaari-seuraan\/vartiosaari-seuran-kannanottoja\/","title":{"rendered":"Vartiosaari-seuran kannanottoja ja vuosikokoukset"},"content":{"rendered":"<p>Oheisilla v\u00e4lilehdill\u00e4 on Vartiosaari-seuran kannanottoja, muistutuksia, valituksia ja muita palautteita Vartiosaareen liittyviss\u00e4 asioissa. Linkkin\u00e4 on my\u00f6s vuosikokouksien materiaaleja.<\/p>\n<p>Vuosikokous 3.6.2024 Taiteilijatalolla:<\/p>\n<p><a href=\"https:\/\/www.vartiosaari.fi\/uudet_sivut\/wp-content\/uploads\/2024\/05\/Toimintakertomus_2023.pdf\">Toimintakertomus_2023<\/a><\/p>\n<p><a href=\"https:\/\/www.vartiosaari.fi\/uudet_sivut\/wp-content\/uploads\/2024\/05\/Toimintasuunnitelma_2024.pdf\">Toimintasuunnitelma_2024<\/a><\/p>\n<p><a href=\"https:\/\/www.vartiosaari.fi\/uudet_sivut\/wp-content\/uploads\/2024\/05\/Talousarvio-2024.pdf\">Talousarvio 2024<\/a><\/p>\n<p><a href=\"https:\/\/www.vartiosaari.fi\/uudet_sivut\/wp-content\/uploads\/2024\/06\/Tase_2023.pdf\">Tase_2023<\/a><\/p>\n<p><a href=\"https:\/\/www.vartiosaari.fi\/uudet_sivut\/wp-content\/uploads\/2024\/06\/Tuloslaskelma_2023.pdf\">Tuloslaskelma_2023<\/a><\/p>\n<p>Yleiskaavakannanottoja:<\/p>\n<p><a href=\"https:\/\/www.vartiosaari.fi\/uudet_sivut\/uncategorized\/muistutus-vartiosaaren-osayleiskaavaehdotuksesta-28-1-2016\/\" target=\"_blank\" rel=\"noopener\">Muistutus Vartiosaaren osayleiskaavaehdotuksesta 28.1.2016<\/a><\/p>\n<p><a href=\"https:\/\/www.vartiosaari.fi\/uudet_sivut\/uncategorized\/valitus-vartiosaaren-osayleiskaavasta\/\" target=\"_blank\" rel=\"noopener\">Valitus Vartiosaaren osayleiskaavap\u00e4\u00e4t\u00f6ksest\u00e4 2.12.2016<\/a><\/p>\n<p><a href=\"https:\/\/www.vartiosaari.fi\/uudet_sivut\/uncategorized\/vartiosaari-seuran-mielipide-yleiskaavaehdotuksesta-27-2-2015\/\" target=\"_blank\" rel=\"noopener\">Mielipide Helsingin yleiskaavaehdotuksesta 27.2.2015<\/a><\/p>\n<p><a href=\"https:\/\/www.vartiosaari.fi\/uudet_sivut\/uncategorized\/valitus-helsinki-2050-yleiskaavapaatoksesta\/\" target=\"_blank\" rel=\"noopener\">Valitus Helsingin 2050 yleiskaavap\u00e4\u00e4t\u00f6ksest\u00e4 2.12.2016<\/a><\/p>\n<p><a href=\"https:\/\/www.vartiosaari.fi\/uudet_sivut\/uncategorized\/palaute-uusimaa-2050-kaavan-valmisteluaineistosta-13-4-2018\/\" target=\"_blank\" rel=\"noopener\">Palaute Uusimaa 2050-kaavan valmisteluaineistosta 13.4.2018<\/a><\/p>\n<p><a href=\"https:\/\/www.vartiosaari.fi\/uudet_sivut\/uncategorized\/palaute-maakuntakaavaluonnoksesta-8-11-2018\/\" target=\"_blank\" rel=\"noopener\">Palaute maakuntakaavaluonnoksesta 8.11.2018<\/a><\/p>\n<p><a href=\"https:\/\/www.vartiosaari.fi\/uudet_sivut\/wp-content\/uploads\/2018\/11\/Muistutus-Laajasalon-ratikkakorttelista.pdf\">Muistutus Laajasalon ratikkakorttelista 7.4.2020<\/a><\/p>\n<p><a href=\"https:\/\/www.vartiosaari.fi\/uudet_sivut\/wp-content\/uploads\/2018\/11\/Vartiosaari-oas-mielipide-VS.pdf\" target=\"_blank\" rel=\"noopener\">Seuran mielipide Vartiosaaren osayleiskaavan osallistumis- ja arviointisuunnitelmavaiheessa 2022<\/a><\/p>\n<p><a href=\"https:\/\/www.vartiosaari.fi\/uudet_sivut\/uncategorized\/kestava-yhteys-vartiosaareen\/\">Vartiosaari-seuran kannanotto Helsingin sanomien 28.11.2022 julkaisemaan uutiseen<\/a><\/p>\n<p><a href=\"https:\/\/www.vartiosaari.fi\/uudet_sivut\/wp-content\/uploads\/2018\/11\/VS-seura-mielipide-2023-OYK.docx\">Seuran mielipide 2023 osayleiskaavaluonnoksesta<\/a><\/p>\n<p><a href=\"https:\/\/www.vartiosaari.fi\/uudet_sivut\/jaseneksi-vartiosaari-seuraan\/vartiosaari-seuran-kannanottoja\/attachment\/vartiosaari-seura-vuosikokous-po%cc%88yta%cc%88kirja-07062018_\/\" target=\"_blank\" rel=\"attachment wp-att-1341 noopener\">Vartiosaari-seuran vuosikokouksen 7.6.2018 p\u00f6yt\u00e4kirja\u00a0<\/a><\/p>\n<p><a href=\"https:\/\/www.vartiosaari.fi\/uudet_sivut\/wp-content\/uploads\/2018\/11\/Vuosikokous-2019-lopullinen-ptk.pdf\">Vartiosaari-seuran vuosikokouksen 6.6.2019 p\u00f6yt\u00e4kirja<\/a><\/p>\n<p><a href=\"https:\/\/www.vartiosaari.fi\/uudet_sivut\/wp-content\/uploads\/2018\/11\/Vuosikokouskutsu-2020.pdf\">Vuosikokouskutsu 22.9.2020<\/a><\/p>\n<p><a href=\"https:\/\/www.vartiosaari.fi\/uudet_sivut\/wp-content\/uploads\/2018\/11\/Toimintakertomus-2019.pdf\">Toimintakertomus 2019<\/a><\/p>\n<p><a href=\"https:\/\/www.vartiosaari.fi\/uudet_sivut\/wp-content\/uploads\/2018\/11\/Tuloslaskelma-2019.pdf\">Tuloslaskelma 2019<\/a><\/p>\n<p><a href=\"https:\/\/www.vartiosaari.fi\/uudet_sivut\/wp-content\/uploads\/2018\/11\/Tase-2019.pdf\">Tase 2019<\/a><\/p>\n<p><a href=\"https:\/\/www.vartiosaari.fi\/uudet_sivut\/wp-content\/uploads\/2018\/11\/Toimintasuunnitelma-2020.pdf\">Toimintasuunnitelma 2020<\/a><\/p>\n<p><a href=\"https:\/\/www.vartiosaari.fi\/uudet_sivut\/wp-content\/uploads\/2018\/11\/Toimintakertomus-2020.pdf\">Toimintakertomus 2020<\/a><\/p>\n<p><a href=\"https:\/\/www.vartiosaari.fi\/uudet_sivut\/wp-content\/uploads\/2018\/11\/Toimintasuunnitelma-2021.pdf\">Toimintasuunnitelma 2021<\/a><\/p>\n<p><a href=\"https:\/\/www.vartiosaari.fi\/uudet_sivut\/wp-content\/uploads\/2022\/05\/Toimintakertomus_2021.pdf\" target=\"_blank\" rel=\"noopener\">Toimintakertomus 2021<\/a><\/p>\n<p><a href=\"https:\/\/www.vartiosaari.fi\/uudet_sivut\/wp-content\/uploads\/2022\/05\/Toimintasuunnitelma_2022-.pdf\" target=\"_blank\" rel=\"noopener\">Toimintasuunnitelma 2022<\/a><\/p>\n<p><a href=\"https:\/\/www.vartiosaari.fi\/uudet_sivut\/wp-content\/uploads\/2024\/02\/Muistutus-osayleiskaavaehdotuksesta-HEL-2021-012184-01_2024-Vartiosaari-seura.pdf\">Muistutus osayleiskaavaehdotuksesta HEL 2021-012184 01_2024 Vartiosaari-seura<\/a><\/p>\n","protected":false},"excerpt":{"rendered":"<p>Oheisilla v\u00e4lilehdill\u00e4 on Vartiosaari-seuran kannanottoja, muistutuksia, valituksia ja muita palautteita Vartiosaareen liittyviss\u00e4 asioissa. Linkkin\u00e4 on my\u00f6s vuosikokouksien materiaaleja. Vuosikokous 3.6.2024 Taiteilijatalolla: Toimintakertomus_2023 Toimintasuunnitelma_2024 Talousarvio 2024 Tase_2023 Tuloslaskelma_2023 Yleiskaavakannanottoja: Muistutus Vartiosaaren osayleiskaavaehdotuksesta 28.1.2016 Valitus Vartiosaaren osayleiskaavap\u00e4\u00e4t\u00f6ksest\u00e4 2.12.2016 Mielipide Helsingin yleiskaavaehdotuksesta 27.2.2015 Valitus Helsingin 2050 yleiskaavap\u00e4\u00e4t\u00f6ksest\u00e4 2.12.2016 Palaute Uusimaa 2050-kaavan valmisteluaineistosta 13.4.2018 Palaute maakuntakaavaluonnoksesta 8.11.2018 Muistutus Laajasalon&#8230; <\/p>\n<div class=\"link-more\"><a href=\"https:\/\/www.vartiosaari.fi\/uudet_sivut\/jaseneksi-vartiosaari-seuraan\/vartiosaari-seuran-kannanottoja\/\">Read More<\/a><\/div>\n","protected":false},"author":5,"featured_media":1834,"parent":530,"menu_order":0,"comment_status":"closed","ping_status":"closed","template":"","meta":{"footnotes":""},"class_list":["post-1219","page","type-page","status-publish","has-post-thumbnail","hentry"],"jetpack_sharing_enabled":true,"_links":{"self":[{"href":"https:\/\/www.vartiosaari.fi\/uudet_sivut\/wp-json\/wp\/v2\/pages\/1219","targetHints":{"allow":["GET"]}}],"collection":[{"href":"https:\/\/www.vartiosaari.fi\/uudet_sivut\/wp-json\/wp\/v2\/pages"}],"about":[{"href":"https:\/\/www.vartiosaari.fi\/uudet_sivut\/wp-json\/wp\/v2\/types\/page"}],"author":[{"embeddable":true,"href":"https:\/\/www.vartiosaari.fi\/uudet_sivut\/wp-json\/wp\/v2\/users\/5"}],"replies":[{"embeddable":true,"href":"https:\/\/www.vartiosaari.fi\/uudet_sivut\/wp-json\/wp\/v2\/comments?post=1219"}],"version-history":[{"count":39,"href":"https:\/\/www.vartiosaari.fi\/uudet_sivut\/wp-json\/wp\/v2\/pages\/1219\/revisions"}],"predecessor-version":[{"id":2880,"href":"https:\/\/www.vartiosaari.fi\/uudet_sivut\/wp-json\/wp\/v2\/pages\/1219\/revisions\/2880"}],"up":[{"embeddable":true,"href":"https:\/\/www.vartiosaari.fi\/uudet_sivut\/wp-json\/wp\/v2\/pages\/530"}],"wp:featuredmedia":[{"embeddable":true,"href":"https:\/\/www.vartiosaari.fi\/uudet_sivut\/wp-json\/wp\/v2\/media\/1834"}],"wp:attachment":[{"href":"https:\/\/www.vartiosaari.fi\/uudet_sivut\/wp-json\/wp\/v2\/media?parent=1219"}],"curies":[{"name":"wp","href":"https:\/\/api.w.org\/{rel}","templated":true}]}}