{"id":2740,"date":"2023-09-17T08:22:21","date_gmt":"2023-09-17T06:22:21","guid":{"rendered":"https:\/\/www.vartiosaari.fi\/uudet_sivut\/?page_id=2740"},"modified":"2023-09-22T08:50:51","modified_gmt":"2023-09-22T06:50:51","slug":"vartiosaaren-viljelypalstat","status":"publish","type":"page","link":"https:\/\/www.vartiosaari.fi\/uudet_sivut\/vartiosaaren-viljelypalstat\/","title":{"rendered":"Vartiosaaren viljelypalstat"},"content":{"rendered":"\n<p>Vartiosaari-seura ry hallinnoi Vartiosaaressa olevaa palsta-aluetta.<\/p>\n\n\n\n<p><strong>Viljelij\u00e4n tulee olla helsinkil\u00e4inen<\/strong>.<\/p>\n\n\n\n<p>Tarjolla on puolikkaita (noin puoli aaria) ja kokonaisia (noin aarin) palstoja.<\/p>\n\n\n\n<p>Palstojen vuokrahinnat vuonna 2024:<br>Vartiosaari-seuran j\u00e4senille: kokonainen palsta 35 euroa, puolikas palsta 17,50 euroa.                               Ei-j\u00e4senille: kokonainen palsta 40 euroa, puolikas palsta 20 euroa.<\/p>\n\n\n\n<p>Palstaa voi hakea l\u00e4hett\u00e4m\u00e4ll\u00e4 yhteystietonsa (nimen, osoitteen, s\u00e4hk\u00f6postiosoitteen ja puhelinnumeron) s\u00e4hk\u00f6postiin palstavastaavavartiosaari(at)gmail.com. Vapautuvat palstat jaetaan jonotusj\u00e4rjestyksess\u00e4. Palstan saaneeseen olemme yhteydess\u00e4 s\u00e4hk\u00f6postitse, joten kev\u00e4\u00e4n ja kes\u00e4n aikana kannattaa seurata s\u00e4hk\u00f6postia (my\u00f6s roskapostia). Muistathan aina p\u00e4ivitt\u00e4\u00e4 yhteystietosi, mik\u00e4li ne muuttuvat, laittamalla uudet tiedot osoitteeseen palstavastaavavartiosaari(at)gmail.com<br>Viljelij\u00e4 ei voi luovuttaa palstaa eteenp\u00e4in. Jos viljely p\u00e4\u00e4ttyy, palstaviljelij\u00e4&nbsp;irtisanoo vuokrasopimuksen&nbsp;ja yhdistys hoitaa vapautuneen palstan vuokraamisen. Palstasta luopumisesta ilmoita s\u00e4hk\u00f6postilla palstavastaavavartiosaari(at)gmail.com<br><\/p>\n\n\n\n<p>Palstaviljelij\u00e4n muistilista:<br>1. Muista maksaa palstamaksu ajallaan.<br>2. Palstaa on viljelt\u00e4v\u00e4 ja se on pidett\u00e4v\u00e4 hoidettuna. Viljely on aloitettava 1.6. menness\u00e4. T\u00e4m\u00e4n j\u00e4lkeen, jos palsta on viljelem\u00e4tt\u00e4, sit\u00e4 tarjotaan jonossa seuraavalle, mik\u00e4li et ole ollut asiasta yhteydess\u00e4 palstavastaavaan.<br>3. Sitoudut noudattamaan Helsingin kaupungin puisto-osaston virallisia k\u00e4ytt\u00f6- ja hoito-ohjeita <a href=\"https:\/\/www.hel.fi\/static\/hkr\/julkaisut\/ohjeet\/viljelypalstojen-k%C3%A4ytt%C3%B6-ja-hoito-ohje.pdf\">https:\/\/www.hel.fi\/static\/hkr\/julkaisut\/ohjeet\/viljelypalstojen-k%C3%A4ytt%C3%B6-ja-hoito-ohje.pdf<\/a><br>4. Viljelij\u00f6it\u00e4 informoidaan palstaan liittyviss\u00e4 asioissa s\u00e4hk\u00f6postitse. S\u00e4hk\u00f6postit tulevat Vartiosaari-seuran s\u00e4hk\u00f6postiosoitteesta. Lis\u00e4ksi viljelyyn liittyv\u00e4\u00e4 keskustelua k\u00e4yd\u00e4\u00e4n palstan WhatsApp:ssa sek\u00e4 Facebook-ryhm\u00e4ss\u00e4.<\/p>\n\n\n\n<p>5. Kun viljelij\u00e4 ei jatka palstan viljely\u00e4, tulee h\u00e4nen palauttaa palsta tavaroista tyhjennettyn\u00e4 Vartiosaari-seuran palstavastaavalle. Hyv\u00e4kuntoisen ty\u00f6kalulaatikon ja kompostikehikon voi j\u00e4tt\u00e4\u00e4, mutta lukot on poistettava.<br>6.&nbsp;Viljelij\u00e4n on viet\u00e4v\u00e4 kaikki maatumaton j\u00e4te (muovi, puu, lasi yms.) pois alueelta.<br>7. Viljelij\u00f6iden tulee huolehtia palstoilla olevien k\u00e4yt\u00e4vien hoidosta kukin oman palstansa kohdalta. Viljelij\u00e4t huolehtivat my\u00f6s ojien ja uomien reunojen niitt\u00e4misest\u00e4 kukin oman palstansa kohdalta. Viljelypalstoja ymp\u00e4r\u00f6ivi\u00e4 ojia ei saa t\u00e4ytt\u00e4\u00e4 kasvij\u00e4tteell\u00e4.<\/p>\n\n\n\n<p><strong>Viljelt\u00e4v\u00e4t kasvit ja hoito&nbsp;<\/strong><\/p>\n\n\n\n<ul class=\"wp-block-list\">\n<li>Palstalla saa kasvattaa hy\u00f6tykasvien ja kukkien lis\u00e4ksi enint\u00e4\u00e4n 1,5 m:n korkuisiksi kasvavia marjapensaita. Marjapensaiden istutuset\u00e4isyys palstan rajasta tulee olla 1,5 metri\u00e4. Muut puuvartiset kasvit, kuten puut ja ruusut, eiv\u00e4t kuulu palstoille. &nbsp;<\/li>\n\n\n\n<li>Kasvit on sijoiteltava siten, ett\u00e4 ne ovat hoidettavissa palstalta k\u00e4sin ja ett\u00e4 niist\u00e4 ei aiheudu haittaa muille viljelij\u00f6ille.<\/li>\n\n\n\n<li>Rikkaruohot on kitkett\u00e4v\u00e4 ennen kukintaa.<\/li>\n\n\n\n<li>K\u00e4yt\u00e4 viljelyss\u00e4 vain luonnonmukaisia kasvinsuojelu- tai torjunta-aineita.<\/li>\n\n\n\n<li>Viljelij\u00e4t ovat velvollisia pit\u00e4m\u00e4\u00e4n auki viljelypalsta-alueen kuivatukseen tarkoitetun ojaverkoston ja est\u00e4m\u00e4\u00e4n kasvien levi\u00e4misen palstalta ojiin.<\/li>\n\n\n\n<li>\u00c4l\u00e4 viljele palstalla haitallisia vieraskasvilajeja. Ne heikent\u00e4v\u00e4t luonnon monimuotoisuutta. Viljelij\u00f6iden tulee torjua haitalliset vieraskasvit koko viljelypalsta-alueella.&nbsp;<\/li>\n<\/ul>\n\n\n\n<p>Vartiosaari-seura ry:n Palstavastaava Susanna Hyypi\u00e4<br><br><\/p>\n","protected":false},"excerpt":{"rendered":"<p>Vartiosaari-seura ry hallinnoi Vartiosaaressa olevaa palsta-aluetta. Viljelij\u00e4n tulee olla helsinkil\u00e4inen. Tarjolla on puolikkaita (noin puoli aaria) ja kokonaisia (noin aarin) palstoja. Palstojen vuokrahinnat vuonna 2024:Vartiosaari-seuran j\u00e4senille: kokonainen palsta 35 euroa, puolikas palsta 17,50 euroa. Ei-j\u00e4senille: kokonainen palsta 40 euroa, puolikas palsta 20 euroa. Palstaa voi hakea l\u00e4hett\u00e4m\u00e4ll\u00e4 yhteystietonsa (nimen, osoitteen, s\u00e4hk\u00f6postiosoitteen ja puhelinnumeron) s\u00e4hk\u00f6postiin palstavastaavavartiosaari(at)gmail.com&#8230;. <\/p>\n<div class=\"link-more\"><a href=\"https:\/\/www.vartiosaari.fi\/uudet_sivut\/vartiosaaren-viljelypalstat\/\">Read More<\/a><\/div>\n","protected":false},"author":5,"featured_media":2751,"parent":0,"menu_order":0,"comment_status":"closed","ping_status":"closed","template":"","meta":{"footnotes":""},"class_list":["post-2740","page","type-page","status-publish","has-post-thumbnail","hentry"],"jetpack_sharing_enabled":true,"_links":{"self":[{"href":"https:\/\/www.vartiosaari.fi\/uudet_sivut\/wp-json\/wp\/v2\/pages\/2740","targetHints":{"allow":["GET"]}}],"collection":[{"href":"https:\/\/www.vartiosaari.fi\/uudet_sivut\/wp-json\/wp\/v2\/pages"}],"about":[{"href":"https:\/\/www.vartiosaari.fi\/uudet_sivut\/wp-json\/wp\/v2\/types\/page"}],"author":[{"embeddable":true,"href":"https:\/\/www.vartiosaari.fi\/uudet_sivut\/wp-json\/wp\/v2\/users\/5"}],"replies":[{"embeddable":true,"href":"https:\/\/www.vartiosaari.fi\/uudet_sivut\/wp-json\/wp\/v2\/comments?post=2740"}],"version-history":[{"count":9,"href":"https:\/\/www.vartiosaari.fi\/uudet_sivut\/wp-json\/wp\/v2\/pages\/2740\/revisions"}],"predecessor-version":[{"id":2757,"href":"https:\/\/www.vartiosaari.fi\/uudet_sivut\/wp-json\/wp\/v2\/pages\/2740\/revisions\/2757"}],"wp:featuredmedia":[{"embeddable":true,"href":"https:\/\/www.vartiosaari.fi\/uudet_sivut\/wp-json\/wp\/v2\/media\/2751"}],"wp:attachment":[{"href":"https:\/\/www.vartiosaari.fi\/uudet_sivut\/wp-json\/wp\/v2\/media?parent=2740"}],"curies":[{"name":"wp","href":"https:\/\/api.w.org\/{rel}","templated":true}]}}