{"id":37,"date":"2014-09-25T10:17:04","date_gmt":"2014-09-25T10:17:04","guid":{"rendered":"http:\/\/www.vartiosaari.fi\/kehitys\/?page_id=37"},"modified":"2022-01-07T15:53:00","modified_gmt":"2022-01-07T13:53:00","slug":"saaren-tulevaisuus","status":"publish","type":"page","link":"https:\/\/www.vartiosaari.fi\/uudet_sivut\/saaren-tulevaisuus\/","title":{"rendered":"Vartiosaaren ominaispiirteit\u00e4"},"content":{"rendered":"<p><a href=\"https:\/\/www.vartiosaari.fi\/uudet_sivut\/wp-content\/uploads\/2014\/09\/Koli-vai-Vartiosaari.jpg\"><img loading=\"lazy\" decoding=\"async\" class=\"alignnone size-full wp-image-1574\" src=\"https:\/\/www.vartiosaari.fi\/uudet_sivut\/wp-content\/uploads\/2014\/09\/Koli-vai-Vartiosaari.jpg\" alt=\"\" width=\"637\" height=\"236\" srcset=\"https:\/\/www.vartiosaari.fi\/uudet_sivut\/wp-content\/uploads\/2014\/09\/Koli-vai-Vartiosaari.jpg 637w, https:\/\/www.vartiosaari.fi\/uudet_sivut\/wp-content\/uploads\/2014\/09\/Koli-vai-Vartiosaari-300x111.jpg 300w, https:\/\/www.vartiosaari.fi\/uudet_sivut\/wp-content\/uploads\/2014\/09\/Koli-vai-Vartiosaari-600x222.jpg 600w\" sizes=\"auto, (max-width: 637px) 100vw, 637px\" \/> Kuin kaksi marjaa:<\/a><\/p>\n<p><a href=\"https:\/\/www.vartiosaari.fi\/uudet_sivut\/wp-content\/uploads\/2014\/09\/Koli-vai-Vartiosaari.jpg\">Kolin kansallispuisto: Suomen tunnetuimpia kansallismaisemia. Suosittu matka- ja retkeilykohde. <\/a><\/p>\n<p><a href=\"https:\/\/www.vartiosaari.fi\/uudet_sivut\/wp-content\/uploads\/2014\/09\/Koli-vai-Vartiosaari.jpg\">Vartiosaari: taajamatoimintojen kehitt\u00e4misalue Helsingiss\u00e4.<\/a><\/p>\n<p><span style=\"color: #000000;\">Vartiosaari, Helsingin 48. kaupunginosa, on Helsingin nelj\u00e4nneksi suurin saari. Se sijaitsee It\u00e4-Helsingiss\u00e4 Tammisalon etel\u00e4puolella Laajasalon ja Vuosaaren v\u00e4liss\u00e4 noin seitsem\u00e4n kilometri\u00e4 Helsingin keskustasta. Saaren 82 hehtaarin maa-alueesta <span style=\"font: 400 18px\/31.5px 'Lato','Helvetica Neue',Helvetica,Arial,sans-serif; text-align: left; text-transform: none; text-indent: 0px; letter-spacing: normal; text-decoration: none; word-spacing: 0px; display: inline !important; white-space: normal; orphans: 2; float: none; -webkit-text-stroke-width: 0px; background-color: transparent;\">11,2 hehtaaria (14%) on yksityisomistuksessa. Kaupunki omistaa maa-alasta<\/span> 86 prosenttia<span style=\"text-align: left; text-transform: none; line-height: 31.5px; text-indent: 0px; letter-spacing: normal; font-size: 18px; font-style: normal; font-variant: normal; font-weight: 400; text-decoration: none; word-spacing: 0px; display: inline; white-space: normal; box-sizing: border-box; orphans: 2; float: none; -webkit-text-stroke-width: 0px; background-color: transparent;\">, josta 21,2 hehtaaria on rakennetuilla tonteilla<\/span>. Lis\u00e4ksi kaupungin omistamia rakennuksia on erityisesti W\u00e5d\u00f6torpin tilan alueella. Pihapiireihin kuulumatonta aluetta on vajaa 50 hehtaaria. Kaupunki omistaa suunnilleen puolet Vartiosaaren rakennuskannasta.<\/span><br \/>\n<span style=\"color: #000000;\">Sillattoman Vartiosaaren vahvuuksia ovat poikkeuksellisen monipuolisena s\u00e4ilynyt luonto, saaren sijainti l\u00e4hell\u00e4 mannerta, rakennustaiteellisesti arvokas s\u00e4ilynyt huvilakanta sek\u00e4 hyv\u00e4t marja- ja sienimaastot. Vartiosaari tarjoaa ymp\u00e4rivuotisesti erinomaiset puitteet ulkoiluun ja siell\u00e4 sijaitsee vuonna 2002 palkittu luontopolku.<\/span><\/p>\n<p><span style=\"color: #000000;\">Maastoinventointien perusteella Vartiosaaren luonto on eritt\u00e4in monipuolinen. Erilaiset mets\u00e4tyypit, maastonmuodot, j\u00e4\u00e4kauden aikaiset muodostumat ja kasviharvinaisuudet ovat jo sin\u00e4ll\u00e4\u00e4n n\u00e4ht\u00e4vyyksi\u00e4 ja s\u00e4ilytt\u00e4misen arvoisia kohteita. Saaresta on tehty ansiokas <a href=\"https:\/\/www.vartiosaari.fi\/uudet_sivut\/saaren-tulevaisuus\/attachment\/vartiosaari-maisemaselvitys-2011\/\" target=\"_blank\" rel=\"attachment wp-att-1427 noopener\">maisemaselvitys<\/a>.<\/span><\/p>\n<p><span style=\"color: #000000;\">Mets\u00e4ntutkimuslaitoksen teett\u00e4m\u00e4n <a href=\"http:\/\/www.metla.fi\/julkaisut\/workingpapers\/2007\/mwp052-07.pdf\">tutkimuksen<\/a> mukaan luonto on niin t\u00e4rke\u00e4\u00e4 kaupunkilaisille (vain 5% ilmoittaa elvytt\u00e4v\u00e4n mielipaikkansa sijaitsevan rakennetussa ymp\u00e4rist\u00f6ss\u00e4), ett\u00e4 sit\u00e4 ei en\u00e4\u00e4 pid\u00e4 nakertaa siivuakaan.<\/span><\/p>\n<p><span style=\"color: #000000;\"><span style=\"text-align: left; text-transform: none; line-height: inherit; text-indent: 0px; letter-spacing: normal; font-family: 'Lato','Helvetica Neue',Helvetica,Arial,sans-serif; font-size: 18px; font-style: normal; font-variant: normal; font-weight: 400; text-decoration: none; word-spacing: 0px; display: inline !important; white-space: normal; cursor: text; orphans: 2; float: none; -webkit-text-stroke-width: 0px; background-color: #ffffff;\">Saaren luonto on eritt\u00e4in hyvin s\u00e4ilynytt\u00e4 ja monimuotoista ja vaihtelee rehevimmist\u00e4 karuimpiin biotyyppeihin. Saaressa on Suomen ainoa tunnettu rantaruttojuuriesiintym\u00e4 ja harvinaislaatuinen kotkansiipilehto. Helsingin luontotietoj\u00e4rjestelm\u00e4n mukaan yli puolet saaren pinta-alasta on arvokkaita luontokohteita: kasvi-, lintu-, k\u00e4\u00e4p\u00e4- ja mets\u00e4kohteita sek\u00e4 geologisia kohteita. Lis\u00e4ksi tuoreen selvityksen mukaan koko saari on arvokas<\/span><a href=\"http:\/\/www.hel.fi\/hel2\/ksv\/liitteet\/2013_kaavakuvat\/1001_2_lepakkoselvitys.pdf\"> lepakkoalue<\/a><span style=\"text-align: left; text-transform: none; line-height: inherit; text-indent: 0px; letter-spacing: normal; font-family: 'Lato','Helvetica Neue',Helvetica,Arial,sans-serif; font-size: 18px; font-style: normal; font-variant: normal; font-weight: 400; text-decoration: none; word-spacing: 0px; display: inline !important; white-space: normal; cursor: text; orphans: 2; float: none; -webkit-text-stroke-width: 0px; background-color: #ffffff;\">, mik\u00e4 tuo sen kansainv\u00e4listen suojelusopimusten piiriin.<\/span><\/span><\/p>\n<p><span style=\"color: #000000;\"><strong>Rakentaminen tuhoaisi saaren ainutlaatuisen luonnon.<\/strong><\/span><\/p>\n<p><span style=\"color: #000000;\">Vartiosaari vanhoine huviloineen kuuluu <a href=\"http:\/\/www.rky.fi\/read\/asp\/r_kohde_det.aspx?KOHDE_ID=1573\">valtakunnallisesti merkitt\u00e4vien rakennettujen kulttuuriymp\u00e4rist\u00f6jen<\/a> joukkoon muun muassa Esplanadin ja Suomenlinnan rinnalla.<\/span><\/p>\n<p><strong><span style=\"color: #000000;\">Museovirasto on tehnyt koko Vartiosaaresta suojeluesityksen. Asian monipolvinen k\u00e4sittely on edelleen kesken<\/span><\/strong>.<\/p>\n<p><span style=\"text-align: left; color: #000000; text-transform: none; line-height: inherit; text-indent: 0px; letter-spacing: normal; font-family: 'Lato','Helvetica Neue',Helvetica,Arial,sans-serif; font-size: 18px; font-style: normal; font-variant: normal; font-weight: 400; text-decoration: none; word-spacing: 0px; display: inline !important; white-space: normal; cursor: text; orphans: 2; float: none; -webkit-text-stroke-width: 0px; background-color: #ffffff;\">Uudenmaan maakuntakaava ja 2. vaihemaakuntakaava sek\u00e4 4 vaihemaakuntakaava ovat lainvoimaisia. N\u00e4iss\u00e4 kaikissa\u00a0Vartiosaari on merkitty &#8221;ei-taajamatoimintojen&#8221; alueeksi, mik\u00e4 puoltaa saaren virkistysk\u00e4ytt\u00f6\u00e4. Kunnallisten kaavojen on noudatettava maakuntakaavan ohjausta,\u00a0maakuntakaava ei ole\u00a0pelkk\u00e4 suositus. <\/span><\/p>\n<p><span style=\"color: #000000;\">Saaren rakentamista puoltaneissa Helsingin yleiskaava- ja Vartiosaaren osayleiskaavavaihtoehdoissa maalailtiin paratiisimaisia visioita, joissa on luvattu kaikki \u2013 rakennettu asuinymp\u00e4rist\u00f6, palvelut ja liikenneyhteydet tuhansille ihmisille olemassa olevia luonnonarvoja ja historiallisesti arvokasta rakennusperint\u00f6\u00e4 kunnioittaen. V\u00e4ite oli ep\u00e4realistinen. Kasvillisuus, el\u00e4imet ja erityislaatuinen milj\u00f6\u00f6 k\u00e4rsiv\u00e4t v\u00e4ist\u00e4m\u00e4tt\u00e4 rakentamisesta. Vartiosaaren erityislaatuisuus on nimenomaan sen yhten\u00e4isess\u00e4 ilmeess\u00e4 ja rakentaminen pirstoisi sen.<\/span><\/p>\n<p><span style=\"color: #000000;\">Korkein hallinto-oikeus julkisti 8.11.2018 Vartiosaaren yleiskaavoja koskevat p\u00e4\u00e4t\u00f6ksens\u00e4.\u00a0KHO hylk\u00e4si Helsingin valituslupahakemuksen Vartiosaaren osayleiskaavaa koskeneesta Helsingin hallinto-oikeuden osayleiskaavan kumoamisp\u00e4\u00e4t\u00f6ksest\u00e4. T\u00e4m\u00e4 tarkoittaa, ett\u00e4 Helsingin hallinto-oikeuden antama p\u00e4\u00e4t\u00f6s j\u00e4\u00e4 sellaisenaan voimaan eik\u00e4 siihen en\u00e4\u00e4 voi hakea muutosta.\u00a0KHO hylk\u00e4si my\u00f6s Helsingin valituksen Helsingin hallinto-oikeuden p\u00e4\u00e4t\u00f6ksest\u00e4 kumota Helsingin uusi yleiskaava Vartiosaaren ja Ramsinniemen osalta. T\u00e4m\u00e4kin tarkoittaa, ett\u00e4 Helsingin hallinto-oikeuden antama p\u00e4\u00e4t\u00f6s j\u00e4\u00e4 sellaisenaan voimaan Vartiosaaren ja Ramsinniemen osalta. P\u00e4\u00e4t\u00f6ksen perusteluita:<\/span><\/p>\n<p><strong>Vartiosaareen A2- ja A3-merkinn\u00f6ill\u00e4 osoitettu rakentamisen mitoitus on korkea, kun otetaan huomioon koko saaren aluetta koskeva RKY-ominaisuusmerkint\u00e4 ja erityisesti saaren ominaispiirteet v\u00e4lj\u00e4sti rakennettuna huvila-alueena. Yleiskaavassa osoitetut rakentamisalueet sijoittuvat lis\u00e4ksi laajalle osalle saarta. Osayleiskaavan vaikutusten arvioinnin perusteella Vartiosaareen suunniteltu rakentaminen merkitsisi, ett\u00e4 vain pieni osa saaren ranta-alueista voidaan s\u00e4ilytt\u00e4\u00e4 maisemakuvaltaan entisell\u00e4\u00e4n ja ett\u00e4 saari muuttuu huvila-alueesta urbaaniksi kerrostalovaltaiseksi alueeksi.<\/strong><br \/>\n<strong> Kun otetaan huomioon, ettei yleiskaavan laatimista ohjaavan Uudenmaan 2. vaihemaakuntakaavan tarkoituksena ole ollut osoittaa Vartiosaaren aluetta tehokkaaseen rakentamiseen, sek\u00e4 lis\u00e4ksi se, ett\u00e4 yleiskaavassa Vartiosaareen osoitettu rakentaminen tulisi asiassa esitetyn selvityksen perusteella olennaisesti vaikuttamaan Vartiosaaren RKY-ominaisuusmerkinn\u00e4ll\u00e4 suojattuihin kulttuuriymp\u00e4rist\u00f6arvoihin, maakuntakaavan ei voida katsoa olleen Vartiosaaren osalta maank\u00e4ytt\u00f6- ja rakennuslain 32 \u00a7:n 1 momentissa ja 39 \u00a7:n 1 momentissa tarkoitetulla tavalla ohjeena yleiskaavaa laadittaessa.<\/strong><\/p>\n<p>Kyseess\u00e4 ei ollut pelk\u00e4st\u00e4\u00e4n se, ett\u00e4 osayleiskaava oli maakuntakaavan vastainen vaan erityisesti my\u00f6s se, ett\u00e4 Vartiosaaren ominaispiirteet valtakunnallisesti arvokkaana rakennettuna kulttuuriymp\u00e4rist\u00f6n\u00e4 olisivat muuttuneet lopullisesti. Vartiosaareen osoitettu asukasm\u00e4\u00e4r\u00e4 5000-7000 oli asukastiheydelt\u00e4\u00e4n 6100-8500 as\/km\u00b2 eli tihe\u00e4mpi kuin useissa kantakaupunginosissa ja jopa 6-8 -kertainen Laajasaloon verrattuna.<\/p>\n<p>&nbsp;<\/p>\n<p>&nbsp;<\/p>\n","protected":false},"excerpt":{"rendered":"<p>Kuin kaksi marjaa: Kolin kansallispuisto: Suomen tunnetuimpia kansallismaisemia. Suosittu matka- ja retkeilykohde. Vartiosaari: taajamatoimintojen kehitt\u00e4misalue Helsingiss\u00e4. Vartiosaari, Helsingin 48. kaupunginosa, on Helsingin nelj\u00e4nneksi suurin saari. Se sijaitsee It\u00e4-Helsingiss\u00e4 Tammisalon etel\u00e4puolella Laajasalon ja Vuosaaren v\u00e4liss\u00e4 noin seitsem\u00e4n kilometri\u00e4 Helsingin keskustasta. Saaren 82 hehtaarin maa-alueesta 11,2 hehtaaria (14%) on yksityisomistuksessa. Kaupunki omistaa maa-alasta 86 prosenttia, josta 21,2&#8230; <\/p>\n<div class=\"link-more\"><a href=\"https:\/\/www.vartiosaari.fi\/uudet_sivut\/saaren-tulevaisuus\/\">Read More<\/a><\/div>\n","protected":false},"author":5,"featured_media":1123,"parent":0,"menu_order":0,"comment_status":"closed","ping_status":"open","template":"","meta":{"footnotes":""},"class_list":["post-37","page","type-page","status-publish","has-post-thumbnail","hentry"],"jetpack_sharing_enabled":true,"_links":{"self":[{"href":"https:\/\/www.vartiosaari.fi\/uudet_sivut\/wp-json\/wp\/v2\/pages\/37","targetHints":{"allow":["GET"]}}],"collection":[{"href":"https:\/\/www.vartiosaari.fi\/uudet_sivut\/wp-json\/wp\/v2\/pages"}],"about":[{"href":"https:\/\/www.vartiosaari.fi\/uudet_sivut\/wp-json\/wp\/v2\/types\/page"}],"author":[{"embeddable":true,"href":"https:\/\/www.vartiosaari.fi\/uudet_sivut\/wp-json\/wp\/v2\/users\/5"}],"replies":[{"embeddable":true,"href":"https:\/\/www.vartiosaari.fi\/uudet_sivut\/wp-json\/wp\/v2\/comments?post=37"}],"version-history":[{"count":25,"href":"https:\/\/www.vartiosaari.fi\/uudet_sivut\/wp-json\/wp\/v2\/pages\/37\/revisions"}],"predecessor-version":[{"id":2310,"href":"https:\/\/www.vartiosaari.fi\/uudet_sivut\/wp-json\/wp\/v2\/pages\/37\/revisions\/2310"}],"wp:featuredmedia":[{"embeddable":true,"href":"https:\/\/www.vartiosaari.fi\/uudet_sivut\/wp-json\/wp\/v2\/media\/1123"}],"wp:attachment":[{"href":"https:\/\/www.vartiosaari.fi\/uudet_sivut\/wp-json\/wp\/v2\/media?parent=37"}],"curies":[{"name":"wp","href":"https:\/\/api.w.org\/{rel}","templated":true}]}}