{"id":45,"date":"2014-09-25T10:18:26","date_gmt":"2014-09-25T10:18:26","guid":{"rendered":"http:\/\/www.vartiosaari.fi\/kehitys\/?page_id=45"},"modified":"2019-02-24T11:26:55","modified_gmt":"2019-02-24T09:26:55","slug":"kuvagalleria","status":"publish","type":"page","link":"https:\/\/www.vartiosaari.fi\/uudet_sivut\/kuvagalleria\/","title":{"rendered":"Kuvagalleria"},"content":{"rendered":"<p>J\u00e4\u00e4karusellip\u00e4iv\u00e4n 23.2.2019 satoa:<\/p>\n<figure id=\"attachment_1387\" aria-describedby=\"caption-attachment-1387\" style=\"width: 5184px\" class=\"wp-caption alignnone\"><a href=\"https:\/\/www.vartiosaari.fi\/uudet_sivut\/kuvagalleria\/attachment\/_mg_1914\/\" rel=\"attachment wp-att-1385\"><img loading=\"lazy\" decoding=\"async\" class=\"wp-image-1387 size-full\" src=\"https:\/\/www.vartiosaari.fi\/uudet_sivut\/wp-content\/uploads\/2014\/09\/MG_1914.jpg\" alt=\"\" width=\"5184\" height=\"3456\" srcset=\"https:\/\/www.vartiosaari.fi\/uudet_sivut\/wp-content\/uploads\/2014\/09\/MG_1914.jpg 5184w, https:\/\/www.vartiosaari.fi\/uudet_sivut\/wp-content\/uploads\/2014\/09\/MG_1914-300x200.jpg 300w, https:\/\/www.vartiosaari.fi\/uudet_sivut\/wp-content\/uploads\/2014\/09\/MG_1914-768x512.jpg 768w, https:\/\/www.vartiosaari.fi\/uudet_sivut\/wp-content\/uploads\/2014\/09\/MG_1914-1024x683.jpg 1024w, https:\/\/www.vartiosaari.fi\/uudet_sivut\/wp-content\/uploads\/2014\/09\/MG_1914-960x640.jpg 960w, https:\/\/www.vartiosaari.fi\/uudet_sivut\/wp-content\/uploads\/2014\/09\/MG_1914-450x300.jpg 450w\" sizes=\"auto, (max-width: 5184px) 100vw, 5184px\" \/><\/a><figcaption id=\"caption-attachment-1387\" class=\"wp-caption-text\">J\u00e4\u00e4karuselli 23.2.2019 kuva Ella Prokkola<\/figcaption><\/figure>\n<figure id=\"attachment_1384\" aria-describedby=\"caption-attachment-1384\" style=\"width: 5184px\" class=\"wp-caption alignnone\"><a href=\"https:\/\/www.vartiosaari.fi\/uudet_sivut\/uncategorized\/matkusta-vartiosaareen-jaakarusellilla-23-2\/attachment\/_mg_2004\/\" rel=\"attachment wp-att-1392\"><img loading=\"lazy\" decoding=\"async\" class=\"wp-image-1384 size-full\" src=\"https:\/\/www.vartiosaari.fi\/uudet_sivut\/wp-content\/uploads\/2019\/02\/MG_2004.jpg\" alt=\"\" width=\"5184\" height=\"3456\" srcset=\"https:\/\/www.vartiosaari.fi\/uudet_sivut\/wp-content\/uploads\/2019\/02\/MG_2004.jpg 5184w, https:\/\/www.vartiosaari.fi\/uudet_sivut\/wp-content\/uploads\/2019\/02\/MG_2004-300x200.jpg 300w, https:\/\/www.vartiosaari.fi\/uudet_sivut\/wp-content\/uploads\/2019\/02\/MG_2004-768x512.jpg 768w, https:\/\/www.vartiosaari.fi\/uudet_sivut\/wp-content\/uploads\/2019\/02\/MG_2004-1024x683.jpg 1024w, https:\/\/www.vartiosaari.fi\/uudet_sivut\/wp-content\/uploads\/2019\/02\/MG_2004-960x640.jpg 960w, https:\/\/www.vartiosaari.fi\/uudet_sivut\/wp-content\/uploads\/2019\/02\/MG_2004-450x300.jpg 450w\" sizes=\"auto, (max-width: 5184px) 100vw, 5184px\" \/><\/a><figcaption id=\"caption-attachment-1384\" class=\"wp-caption-text\">Mies ja hevonen karuselliss\u00e4 kuva Ella Prokkola<\/figcaption><\/figure>\n<figure id=\"attachment_1396\" aria-describedby=\"caption-attachment-1396\" style=\"width: 5184px\" class=\"wp-caption alignnone\"><a href=\"https:\/\/www.vartiosaari.fi\/uudet_sivut\/kuvagalleria\/attachment\/_mg_2213\/\" rel=\"attachment wp-att-1386\"><img loading=\"lazy\" decoding=\"async\" class=\"wp-image-1396 size-full\" src=\"https:\/\/www.vartiosaari.fi\/uudet_sivut\/wp-content\/uploads\/2014\/09\/MG_2213.jpg\" alt=\"\" width=\"5184\" height=\"3456\" srcset=\"https:\/\/www.vartiosaari.fi\/uudet_sivut\/wp-content\/uploads\/2014\/09\/MG_2213.jpg 5184w, https:\/\/www.vartiosaari.fi\/uudet_sivut\/wp-content\/uploads\/2014\/09\/MG_2213-300x200.jpg 300w, https:\/\/www.vartiosaari.fi\/uudet_sivut\/wp-content\/uploads\/2014\/09\/MG_2213-768x512.jpg 768w, https:\/\/www.vartiosaari.fi\/uudet_sivut\/wp-content\/uploads\/2014\/09\/MG_2213-1024x683.jpg 1024w, https:\/\/www.vartiosaari.fi\/uudet_sivut\/wp-content\/uploads\/2014\/09\/MG_2213-960x640.jpg 960w, https:\/\/www.vartiosaari.fi\/uudet_sivut\/wp-content\/uploads\/2014\/09\/MG_2213-450x300.jpg 450w\" sizes=\"auto, (max-width: 5184px) 100vw, 5184px\" \/><\/a><figcaption id=\"caption-attachment-1396\" class=\"wp-caption-text\">J\u00e4\u00e4karusellitanssit kuva Ella Prokkola<\/figcaption><\/figure>\n<figure id=\"attachment_1388\" aria-describedby=\"caption-attachment-1388\" style=\"width: 5184px\" class=\"wp-caption alignnone\"><a href=\"https:\/\/www.vartiosaari.fi\/uudet_sivut\/kuvagalleria\/attachment\/_mg_1935\/\" rel=\"attachment wp-att-1388\"><img loading=\"lazy\" decoding=\"async\" class=\"wp-image-1388 size-full\" src=\"https:\/\/www.vartiosaari.fi\/uudet_sivut\/wp-content\/uploads\/2014\/09\/MG_1935.jpg\" alt=\"\" width=\"5184\" height=\"3456\" srcset=\"https:\/\/www.vartiosaari.fi\/uudet_sivut\/wp-content\/uploads\/2014\/09\/MG_1935.jpg 5184w, https:\/\/www.vartiosaari.fi\/uudet_sivut\/wp-content\/uploads\/2014\/09\/MG_1935-300x200.jpg 300w, https:\/\/www.vartiosaari.fi\/uudet_sivut\/wp-content\/uploads\/2014\/09\/MG_1935-768x512.jpg 768w, https:\/\/www.vartiosaari.fi\/uudet_sivut\/wp-content\/uploads\/2014\/09\/MG_1935-1024x683.jpg 1024w, https:\/\/www.vartiosaari.fi\/uudet_sivut\/wp-content\/uploads\/2014\/09\/MG_1935-960x640.jpg 960w, https:\/\/www.vartiosaari.fi\/uudet_sivut\/wp-content\/uploads\/2014\/09\/MG_1935-450x300.jpg 450w\" sizes=\"auto, (max-width: 5184px) 100vw, 5184px\" \/><\/a><figcaption id=\"caption-attachment-1388\" class=\"wp-caption-text\">J\u00e4\u00e4karusellilla kuva Ella Prokkola<\/figcaption><\/figure>\n<figure id=\"attachment_1389\" aria-describedby=\"caption-attachment-1389\" style=\"width: 5184px\" class=\"wp-caption alignnone\"><a href=\"https:\/\/www.vartiosaari.fi\/uudet_sivut\/kuvagalleria\/attachment\/_mg_1962\/\" rel=\"attachment wp-att-1389\"><img loading=\"lazy\" decoding=\"async\" class=\"wp-image-1389 size-full\" src=\"https:\/\/www.vartiosaari.fi\/uudet_sivut\/wp-content\/uploads\/2014\/09\/MG_1962.jpg\" alt=\"\" width=\"5184\" height=\"3456\" srcset=\"https:\/\/www.vartiosaari.fi\/uudet_sivut\/wp-content\/uploads\/2014\/09\/MG_1962.jpg 5184w, https:\/\/www.vartiosaari.fi\/uudet_sivut\/wp-content\/uploads\/2014\/09\/MG_1962-300x200.jpg 300w, https:\/\/www.vartiosaari.fi\/uudet_sivut\/wp-content\/uploads\/2014\/09\/MG_1962-768x512.jpg 768w, https:\/\/www.vartiosaari.fi\/uudet_sivut\/wp-content\/uploads\/2014\/09\/MG_1962-1024x683.jpg 1024w, https:\/\/www.vartiosaari.fi\/uudet_sivut\/wp-content\/uploads\/2014\/09\/MG_1962-960x640.jpg 960w, https:\/\/www.vartiosaari.fi\/uudet_sivut\/wp-content\/uploads\/2014\/09\/MG_1962-450x300.jpg 450w\" sizes=\"auto, (max-width: 5184px) 100vw, 5184px\" \/><\/a><figcaption id=\"caption-attachment-1389\" class=\"wp-caption-text\">Tutkijat kuva Ella Prokkola<\/figcaption><\/figure>\n<figure id=\"attachment_1390\" aria-describedby=\"caption-attachment-1390\" style=\"width: 5184px\" class=\"wp-caption alignnone\"><a href=\"https:\/\/www.vartiosaari.fi\/uudet_sivut\/kuvagalleria\/attachment\/_mg_2002\/\" rel=\"attachment wp-att-1390\"><img loading=\"lazy\" decoding=\"async\" class=\"wp-image-1390 size-full\" src=\"https:\/\/www.vartiosaari.fi\/uudet_sivut\/wp-content\/uploads\/2014\/09\/MG_2002.jpg\" alt=\"\" width=\"5184\" height=\"3456\" srcset=\"https:\/\/www.vartiosaari.fi\/uudet_sivut\/wp-content\/uploads\/2014\/09\/MG_2002.jpg 5184w, https:\/\/www.vartiosaari.fi\/uudet_sivut\/wp-content\/uploads\/2014\/09\/MG_2002-300x200.jpg 300w, https:\/\/www.vartiosaari.fi\/uudet_sivut\/wp-content\/uploads\/2014\/09\/MG_2002-768x512.jpg 768w, https:\/\/www.vartiosaari.fi\/uudet_sivut\/wp-content\/uploads\/2014\/09\/MG_2002-1024x683.jpg 1024w, https:\/\/www.vartiosaari.fi\/uudet_sivut\/wp-content\/uploads\/2014\/09\/MG_2002-960x640.jpg 960w, https:\/\/www.vartiosaari.fi\/uudet_sivut\/wp-content\/uploads\/2014\/09\/MG_2002-450x300.jpg 450w\" sizes=\"auto, (max-width: 5184px) 100vw, 5184px\" \/><\/a><figcaption id=\"caption-attachment-1390\" class=\"wp-caption-text\">Karusellin py\u00f6rteiss\u00e4 kuva Ella Prokkola<\/figcaption><\/figure>\n<figure id=\"attachment_1391\" aria-describedby=\"caption-attachment-1391\" style=\"width: 5184px\" class=\"wp-caption alignnone\"><a href=\"https:\/\/www.vartiosaari.fi\/uudet_sivut\/kuvagalleria\/attachment\/_mg_2051\/\" rel=\"attachment wp-att-1391\"><img loading=\"lazy\" decoding=\"async\" class=\"wp-image-1391 size-full\" src=\"https:\/\/www.vartiosaari.fi\/uudet_sivut\/wp-content\/uploads\/2014\/09\/MG_2051.jpg\" alt=\"\" width=\"5184\" height=\"3456\" srcset=\"https:\/\/www.vartiosaari.fi\/uudet_sivut\/wp-content\/uploads\/2014\/09\/MG_2051.jpg 5184w, https:\/\/www.vartiosaari.fi\/uudet_sivut\/wp-content\/uploads\/2014\/09\/MG_2051-300x200.jpg 300w, https:\/\/www.vartiosaari.fi\/uudet_sivut\/wp-content\/uploads\/2014\/09\/MG_2051-768x512.jpg 768w, https:\/\/www.vartiosaari.fi\/uudet_sivut\/wp-content\/uploads\/2014\/09\/MG_2051-1024x683.jpg 1024w, https:\/\/www.vartiosaari.fi\/uudet_sivut\/wp-content\/uploads\/2014\/09\/MG_2051-960x640.jpg 960w, https:\/\/www.vartiosaari.fi\/uudet_sivut\/wp-content\/uploads\/2014\/09\/MG_2051-450x300.jpg 450w\" sizes=\"auto, (max-width: 5184px) 100vw, 5184px\" \/><\/a><figcaption id=\"caption-attachment-1391\" class=\"wp-caption-text\">Karuselli kuva Ella Prokkola<\/figcaption><\/figure>\n<figure id=\"attachment_1393\" aria-describedby=\"caption-attachment-1393\" style=\"width: 5184px\" class=\"wp-caption alignnone\"><a href=\"https:\/\/www.vartiosaari.fi\/uudet_sivut\/kuvagalleria\/attachment\/_mg_2124\/\" rel=\"attachment wp-att-1393\"><img loading=\"lazy\" decoding=\"async\" class=\"wp-image-1393 size-full\" src=\"https:\/\/www.vartiosaari.fi\/uudet_sivut\/wp-content\/uploads\/2014\/09\/MG_2124.jpg\" alt=\"\" width=\"5184\" height=\"3456\" srcset=\"https:\/\/www.vartiosaari.fi\/uudet_sivut\/wp-content\/uploads\/2014\/09\/MG_2124.jpg 5184w, https:\/\/www.vartiosaari.fi\/uudet_sivut\/wp-content\/uploads\/2014\/09\/MG_2124-300x200.jpg 300w, https:\/\/www.vartiosaari.fi\/uudet_sivut\/wp-content\/uploads\/2014\/09\/MG_2124-768x512.jpg 768w, https:\/\/www.vartiosaari.fi\/uudet_sivut\/wp-content\/uploads\/2014\/09\/MG_2124-1024x683.jpg 1024w, https:\/\/www.vartiosaari.fi\/uudet_sivut\/wp-content\/uploads\/2014\/09\/MG_2124-960x640.jpg 960w, https:\/\/www.vartiosaari.fi\/uudet_sivut\/wp-content\/uploads\/2014\/09\/MG_2124-450x300.jpg 450w\" sizes=\"auto, (max-width: 5184px) 100vw, 5184px\" \/><\/a><figcaption id=\"caption-attachment-1393\" class=\"wp-caption-text\">Lepakonrakentajat taiteilijatalolla kuva Ella Prokkola<\/figcaption><\/figure>\n<figure id=\"attachment_1394\" aria-describedby=\"caption-attachment-1394\" style=\"width: 5184px\" class=\"wp-caption alignnone\"><a href=\"https:\/\/www.vartiosaari.fi\/uudet_sivut\/kuvagalleria\/attachment\/_mg_2170\/\" rel=\"attachment wp-att-1394\"><img loading=\"lazy\" decoding=\"async\" class=\"wp-image-1394 size-full\" src=\"https:\/\/www.vartiosaari.fi\/uudet_sivut\/wp-content\/uploads\/2014\/09\/MG_2170.jpg\" alt=\"\" width=\"5184\" height=\"3456\" srcset=\"https:\/\/www.vartiosaari.fi\/uudet_sivut\/wp-content\/uploads\/2014\/09\/MG_2170.jpg 5184w, https:\/\/www.vartiosaari.fi\/uudet_sivut\/wp-content\/uploads\/2014\/09\/MG_2170-300x200.jpg 300w, https:\/\/www.vartiosaari.fi\/uudet_sivut\/wp-content\/uploads\/2014\/09\/MG_2170-768x512.jpg 768w, https:\/\/www.vartiosaari.fi\/uudet_sivut\/wp-content\/uploads\/2014\/09\/MG_2170-1024x683.jpg 1024w, https:\/\/www.vartiosaari.fi\/uudet_sivut\/wp-content\/uploads\/2014\/09\/MG_2170-960x640.jpg 960w, https:\/\/www.vartiosaari.fi\/uudet_sivut\/wp-content\/uploads\/2014\/09\/MG_2170-450x300.jpg 450w\" sizes=\"auto, (max-width: 5184px) 100vw, 5184px\" \/><\/a><figcaption id=\"caption-attachment-1394\" class=\"wp-caption-text\">Vartiosaaren M\u00e4ntyniemen tunnelmaa kuva Ella Prokkola<\/figcaption><\/figure>\n<figure id=\"attachment_1395\" aria-describedby=\"caption-attachment-1395\" style=\"width: 5184px\" class=\"wp-caption alignnone\"><a href=\"https:\/\/www.vartiosaari.fi\/uudet_sivut\/kuvagalleria\/attachment\/_mg_2183\/\" rel=\"attachment wp-att-1395\"><img loading=\"lazy\" decoding=\"async\" class=\"wp-image-1395 size-full\" src=\"https:\/\/www.vartiosaari.fi\/uudet_sivut\/wp-content\/uploads\/2014\/09\/MG_2183.jpg\" alt=\"\" width=\"5184\" height=\"3456\" srcset=\"https:\/\/www.vartiosaari.fi\/uudet_sivut\/wp-content\/uploads\/2014\/09\/MG_2183.jpg 5184w, https:\/\/www.vartiosaari.fi\/uudet_sivut\/wp-content\/uploads\/2014\/09\/MG_2183-300x200.jpg 300w, https:\/\/www.vartiosaari.fi\/uudet_sivut\/wp-content\/uploads\/2014\/09\/MG_2183-768x512.jpg 768w, https:\/\/www.vartiosaari.fi\/uudet_sivut\/wp-content\/uploads\/2014\/09\/MG_2183-1024x683.jpg 1024w, https:\/\/www.vartiosaari.fi\/uudet_sivut\/wp-content\/uploads\/2014\/09\/MG_2183-960x640.jpg 960w, https:\/\/www.vartiosaari.fi\/uudet_sivut\/wp-content\/uploads\/2014\/09\/MG_2183-450x300.jpg 450w\" sizes=\"auto, (max-width: 5184px) 100vw, 5184px\" \/><\/a><figcaption id=\"caption-attachment-1395\" class=\"wp-caption-text\">J\u00e4\u00e4karusellip\u00e4iv\u00e4n kajo kuva Ella Prokkola<\/figcaption><\/figure>\n<p>&nbsp;<\/p>\n<p>[gird-gallery id=&#8221;2&#8243;]<\/p>\n<div>Videot:<\/div>\n<div><\/div>\n<div><a href=\"https:\/\/www.youtube.com\/watch?v=aBQzKKM6480\" target=\"_blank\" rel=\"noopener\">https:\/\/www.youtube.com\/watch?<wbr \/>v=aBQzKKM6480<\/a><\/div>\n<div><a href=\"https:\/\/www.youtube.com\/watch?v=JO3I569qBF4\" target=\"_blank\" rel=\"noopener\">https:\/\/www.youtube.com\/watch?<wbr \/>v=JO3I569qBF4<\/a><\/div>\n<div><\/div>\n<div>Vartiosaari virtual tour:<\/div>\n<div><\/div>\n<div><a href=\"https:\/\/www.google.com\/maps\/views\/profile\/117944645817406686787?gl=fi&amp;utm_source=weekly&amp;utm_medium=email&amp;utm_content=thumb&amp;utm_campaign=views_milestone_notification&amp;po=1&amp;pv=1&amp;tab=1\" target=\"_blank\" rel=\"noopener\">https:\/\/www.google.com\/maps\/<wbr \/>views\/profile\/<wbr \/>117944645817406686787?gl=fi&amp;<wbr \/>utm_source=weekly&amp;utm_medium=<wbr \/>email&amp;utm_content=thumb&amp;utm_<wbr \/>campaign=views_milestone_<wbr \/>notification&amp;po=1&amp;pv=1&amp;tab=1<\/a><\/div>\n<div><\/div>\n<div>Vartiosaari panoraamat on my\u00f6s julkaistu Google mapsissa.<br \/>\nKuka tahansa pystyy nyt kokemaan virtuaalisesti Vartiosaaren kauneuden ymp\u00e4ri maailmaa.<br \/>\n<a href=\"https:\/\/www.google.fi\/maps\/@60.1836594,25.0767624,15z\" target=\"_blank\" rel=\"nofollow nofollow noopener\">https:\/\/www.google.fi\/maps\/@<wbr \/>60.1836594,25.0767624,15z<\/a><br \/>\nKlikkaa oikeassa alakulmassa olevaa keltaista pient\u00e4 ukkohahmoa, josta saa &#8221;Tutustu Street View kuviin&#8221; valikon p\u00e4\u00e4lle.<br \/>\nSitten karttaan ilmestyy kaikki 360-panoraamat pisteina. Niit\u00e4 klikkaamalla p\u00e4\u00e4see sis\u00e4\u00e4n panoramoihin.<br \/>\nKarttaa zoomaamalla n\u00e4kee viel\u00e4 enemm\u00e4n panoraamoja, niit\u00e4 on yhteens\u00e4 31kpl<\/div>\n","protected":false},"excerpt":{"rendered":"<p>J\u00e4\u00e4karusellip\u00e4iv\u00e4n 23.2.2019 satoa: &nbsp; [gird-gallery id=&#8221;2&#8243;] Videot: https:\/\/www.youtube.com\/watch?v=aBQzKKM6480 https:\/\/www.youtube.com\/watch?v=JO3I569qBF4 Vartiosaari virtual tour: https:\/\/www.google.com\/maps\/views\/profile\/117944645817406686787?gl=fi&amp;utm_source=weekly&amp;utm_medium=email&amp;utm_content=thumb&amp;utm_campaign=views_milestone_notification&amp;po=1&amp;pv=1&amp;tab=1 Vartiosaari panoraamat on my\u00f6s julkaistu Google mapsissa. Kuka tahansa pystyy nyt kokemaan virtuaalisesti Vartiosaaren kauneuden ymp\u00e4ri maailmaa. https:\/\/www.google.fi\/maps\/@60.1836594,25.0767624,15z Klikkaa oikeassa alakulmassa olevaa keltaista pient\u00e4 ukkohahmoa, josta saa &#8221;Tutustu Street View kuviin&#8221; valikon p\u00e4\u00e4lle. Sitten karttaan ilmestyy kaikki 360-panoraamat pisteina. Niit\u00e4 klikkaamalla p\u00e4\u00e4see&#8230; <\/p>\n<div class=\"link-more\"><a href=\"https:\/\/www.vartiosaari.fi\/uudet_sivut\/kuvagalleria\/\">Read More<\/a><\/div>\n","protected":false},"author":5,"featured_media":0,"parent":0,"menu_order":0,"comment_status":"closed","ping_status":"closed","template":"","meta":{"footnotes":""},"class_list":["post-45","page","type-page","status-publish","hentry"],"jetpack_sharing_enabled":true,"_links":{"self":[{"href":"https:\/\/www.vartiosaari.fi\/uudet_sivut\/wp-json\/wp\/v2\/pages\/45","targetHints":{"allow":["GET"]}}],"collection":[{"href":"https:\/\/www.vartiosaari.fi\/uudet_sivut\/wp-json\/wp\/v2\/pages"}],"about":[{"href":"https:\/\/www.vartiosaari.fi\/uudet_sivut\/wp-json\/wp\/v2\/types\/page"}],"author":[{"embeddable":true,"href":"https:\/\/www.vartiosaari.fi\/uudet_sivut\/wp-json\/wp\/v2\/users\/5"}],"replies":[{"embeddable":true,"href":"https:\/\/www.vartiosaari.fi\/uudet_sivut\/wp-json\/wp\/v2\/comments?post=45"}],"version-history":[{"count":3,"href":"https:\/\/www.vartiosaari.fi\/uudet_sivut\/wp-json\/wp\/v2\/pages\/45\/revisions"}],"predecessor-version":[{"id":1398,"href":"https:\/\/www.vartiosaari.fi\/uudet_sivut\/wp-json\/wp\/v2\/pages\/45\/revisions\/1398"}],"wp:attachment":[{"href":"https:\/\/www.vartiosaari.fi\/uudet_sivut\/wp-json\/wp\/v2\/media?parent=45"}],"curies":[{"name":"wp","href":"https:\/\/api.w.org\/{rel}","templated":true}]}}