{"id":910,"date":"2018-03-17T11:19:18","date_gmt":"2018-03-17T09:19:18","guid":{"rendered":"http:\/\/www.vartiosaari.fi\/uudet_sivut\/?page_id=910"},"modified":"2025-02-18T15:46:37","modified_gmt":"2025-02-18T13:46:37","slug":"vartiosaaren-vaihtoehtoinen-osayleiskaava-on-edelleen-ajankohtainen","status":"publish","type":"page","link":"https:\/\/www.vartiosaari.fi\/uudet_sivut\/vartiosaaren-vaihtoehtoinen-osayleiskaava-on-edelleen-ajankohtainen\/","title":{"rendered":"Vartiosaaren vaihtoehtoinen osayleiskaava on edelleen ajankohtainen"},"content":{"rendered":"<p style=\"text-align: center;\"><a href=\"https:\/\/www.vartiosaari.fi\/uudet_sivut\/wp-content\/uploads\/2016\/05\/osa.jpg\"><img loading=\"lazy\" decoding=\"async\" class=\"alignnone  wp-image-686\" src=\"https:\/\/www.vartiosaari.fi\/uudet_sivut\/wp-content\/uploads\/2016\/05\/osa-300x177.jpg\" alt=\"\" width=\"418\" height=\"247\" srcset=\"https:\/\/www.vartiosaari.fi\/uudet_sivut\/wp-content\/uploads\/2016\/05\/osa-300x177.jpg 300w, https:\/\/www.vartiosaari.fi\/uudet_sivut\/wp-content\/uploads\/2016\/05\/osa-768x453.jpg 768w, https:\/\/www.vartiosaari.fi\/uudet_sivut\/wp-content\/uploads\/2016\/05\/osa-509x300.jpg 509w, https:\/\/www.vartiosaari.fi\/uudet_sivut\/wp-content\/uploads\/2016\/05\/osa.jpg 995w\" sizes=\"auto, (max-width: 418px) 100vw, 418px\" \/><\/a><\/p>\n<p>Vartiosaari-seuran jo vuonna 2013 teett\u00e4m\u00e4 vaihtoehtoinen osayleiskaava on edelleen ajankohtainen ja yhtenev\u00e4 Vartiosaaren osayleiskaavan kanssa. Seuran ehdottamaan Vartiosaaren tulevaisuudenkuvaan p\u00e4\u00e4set tutustumaan seuraavasta linkist\u00e4:<a href=\"https:\/\/www.vartiosaari.fi\/uudet_sivut\/wp-content\/uploads\/2016\/05\/Vartiosaarenvaihtoehtoinenosayleiskaava1.8.2013klo161.pdf\">. https:\/\/www.vartiosaari.fi\/uudet_sivut\/wp-content\/uploads\/2016\/05\/Vartiosaarenvaihtoehtoinenosayleiskaava1.8.2013klo161.pdf<\/a><\/p>\n","protected":false},"excerpt":{"rendered":"<p>Vartiosaari-seuran jo vuonna 2013 teett\u00e4m\u00e4 vaihtoehtoinen osayleiskaava on edelleen ajankohtainen ja yhtenev\u00e4 Vartiosaaren osayleiskaavan kanssa. Seuran ehdottamaan Vartiosaaren tulevaisuudenkuvaan p\u00e4\u00e4set tutustumaan seuraavasta linkist\u00e4:. https:\/\/www.vartiosaari.fi\/uudet_sivut\/wp-content\/uploads\/2016\/05\/Vartiosaarenvaihtoehtoinenosayleiskaava1.8.2013klo161.pdf<\/p>\n","protected":false},"author":5,"featured_media":0,"parent":0,"menu_order":0,"comment_status":"closed","ping_status":"closed","template":"","meta":{"footnotes":""},"class_list":["post-910","page","type-page","status-publish","hentry"],"jetpack_sharing_enabled":true,"_links":{"self":[{"href":"https:\/\/www.vartiosaari.fi\/uudet_sivut\/wp-json\/wp\/v2\/pages\/910","targetHints":{"allow":["GET"]}}],"collection":[{"href":"https:\/\/www.vartiosaari.fi\/uudet_sivut\/wp-json\/wp\/v2\/pages"}],"about":[{"href":"https:\/\/www.vartiosaari.fi\/uudet_sivut\/wp-json\/wp\/v2\/types\/page"}],"author":[{"embeddable":true,"href":"https:\/\/www.vartiosaari.fi\/uudet_sivut\/wp-json\/wp\/v2\/users\/5"}],"replies":[{"embeddable":true,"href":"https:\/\/www.vartiosaari.fi\/uudet_sivut\/wp-json\/wp\/v2\/comments?post=910"}],"version-history":[{"count":6,"href":"https:\/\/www.vartiosaari.fi\/uudet_sivut\/wp-json\/wp\/v2\/pages\/910\/revisions"}],"predecessor-version":[{"id":2991,"href":"https:\/\/www.vartiosaari.fi\/uudet_sivut\/wp-json\/wp\/v2\/pages\/910\/revisions\/2991"}],"wp:attachment":[{"href":"https:\/\/www.vartiosaari.fi\/uudet_sivut\/wp-json\/wp\/v2\/media?parent=910"}],"curies":[{"name":"wp","href":"https:\/\/api.w.org\/{rel}","templated":true}]}}